{"id":1028,"date":"2015-03-10T05:18:17","date_gmt":"2015-03-10T05:18:17","guid":{"rendered":"http:\/\/polymed.metrosolutions.net\/?page_id=1028"},"modified":"2016-08-18T08:55:44","modified_gmt":"2016-08-18T12:55:44","slug":"our-polymed-products","status":"publish","type":"page","link":"https:\/\/polymed.ca\/en\/our-polymed-products\/","title":{"rendered":"Our Polymed Products"},"content":{"rendered":"<p>Dedicated to delivering innovative solutions to our customers changing needs, we have developed our own line of medical products. Our brands, <em>Clini\u2013Touch, Clini-Tray, Clini-Gauze, PolyStretch, Polymed, CliniVac,<\/em> and our specialties, <em>Poly-Spec<\/em> and <em>Poly-Spec Plus<\/em>, are recognized within the medical community.<\/p>\n<p>&nbsp;<\/p>\n<p><div class=\"woocommerce_category_box\"><div class=\"woocommerce_category_listings_box\"><br \/>\n<a class=\"single_list category-18\" \"18\" id=\"18\" href=\"gloves\">\n                <div class=\"category_name\">\n                    Gloves\n                    <i class=\"icon-double-angle-right icon-large pull-right\">\u00bb<\/i>\n                <\/div><img decoding=\"async\" src=\"https:\/\/images.polymed.ca\/2015\/04\/gloves.jpg\" alt=\"\" \/><\/a><a class=\"single_list category-13\" \"13\" id=\"13\" href=\"infusion-perfusion\">\n                <div class=\"category_name\">\n                    Infusion and Perfusion\n                    <i class=\"icon-double-angle-right icon-large pull-right\">\u00bb<\/i>\n                <\/div><img decoding=\"async\" src=\"https:\/\/images.polymed.ca\/2015\/04\/infusion-and-perfusion.jpg\" alt=\"\" \/><\/a><a class=\"single_list category-10\" \"10\" id=\"10\" href=\"instruments-diagnostics\">\n                <div class=\"category_name\">\n                    Instruments and Diagnostics\n                    <i class=\"icon-double-angle-right icon-large pull-right\">\u00bb<\/i>\n                <\/div><img decoding=\"async\" src=\"https:\/\/images.polymed.ca\/2015\/04\/instruments-diagnostics.jpg\" alt=\"\" \/><\/a><a class=\"single_list category-9\" \"9\" id=\"9\" href=\"laboratory\">\n                <div class=\"category_name\">\n                    Laboratory\n                    <i class=\"icon-double-angle-right icon-large pull-right\">\u00bb<\/i>\n                <\/div><img decoding=\"async\" src=\"https:\/\/images.polymed.ca\/2015\/04\/laboratory.jpg\" alt=\"\" \/><\/a><a class=\"single_list category-16\" \"16\" id=\"16\" href=\"maintenance-hygiene\">\n                <div class=\"category_name\">\n                    Maintenance and Hygiene\n                    <i class=\"icon-double-angle-right icon-large pull-right\">\u00bb<\/i>\n                <\/div><img decoding=\"async\" src=\"https:\/\/images.polymed.ca\/2015\/04\/maintenance-hygiene.jpg\" alt=\"\" \/><\/a><a class=\"single_list category-15\" \"15\" id=\"15\" href=\"patient-care\">\n                <div class=\"category_name\">\n                    Patient Care\n                    <i class=\"icon-double-angle-right icon-large pull-right\">\u00bb<\/i>\n                <\/div><img decoding=\"async\" src=\"https:\/\/images.polymed.ca\/2015\/04\/patient-care.jpg\" alt=\"\" \/><\/a><a class=\"single_list category-7\" \"7\" id=\"7\" href=\"protection\">\n                <div class=\"category_name\">\n                    Protection\n                    <i class=\"icon-double-angle-right icon-large pull-right\">\u00bb<\/i>\n                <\/div><img decoding=\"async\" src=\"https:\/\/images.polymed.ca\/2015\/04\/protection1.jpg\" alt=\"\" \/><\/a><a class=\"single_list category-8\" \"8\" id=\"8\" href=\"specialties\">\n                <div class=\"category_name\">\n                    Specialties\n                    <i class=\"icon-double-angle-right icon-large pull-right\">\u00bb<\/i>\n                <\/div><img decoding=\"async\" src=\"https:\/\/images.polymed.ca\/2015\/04\/specialties.jpg\" alt=\"\" \/><\/a><a class=\"single_list category-12\" \"12\" id=\"12\" href=\"wound-care\">\n                <div class=\"category_name\">\n                    Wound Care\n                    <i class=\"icon-double-angle-right icon-large pull-right\">\u00bb<\/i>\n                <\/div><img decoding=\"async\" src=\"https:\/\/images.polymed.ca\/2015\/04\/wound-care.jpg\" alt=\"\" \/><\/a><br \/>\n<\/div><\/div><\/p>\n","protected":false},"excerpt":{"rendered":"<p>Dedicated to delivering innovative solutions to our customers changing needs, we have developed our own line of medical products. Our brands, Clini\u2013Touch, Clini-Tray, Clini-Gauze, PolyStretch, Polymed, CliniVac, and our specialties, Poly-Spec and Poly-Spec Plus, are recognized within the medical community. &nbsp;<\/p>\n","protected":false},"author":73,"featured_media":6285,"parent":0,"menu_order":20,"comment_status":"closed","ping_status":"closed","template":"","meta":{"_acf_changed":false,"_genesis_hide_title":false,"_genesis_hide_breadcrumbs":false,"_genesis_hide_singular_image":false,"_genesis_hide_footer_widgets":false,"_genesis_custom_body_class":"","_genesis_custom_post_class":"","_genesis_layout":"","footnotes":""},"class_list":{"0":"post-1028","1":"page","2":"type-page","3":"status-publish","4":"has-post-thumbnail","6":"entry"},"acf":[],"yoast_head":"<!-- This site is optimized with the Yoast SEO plugin v27.4 - https:\/\/yoast.com\/product\/yoast-seo-wordpress\/ -->\n<title>Our Polymed Products - Polymed Chirurgical Inc.<\/title>\n<meta name=\"robots\" content=\"index, follow, max-snippet:-1, max-image-preview:large, max-video-preview:-1\" \/>\n<link rel=\"canonical\" href=\"https:\/\/polymed.ca\/en\/our-polymed-products\/\" \/>\n<meta property=\"og:locale\" content=\"en_US\" \/>\n<meta property=\"og:type\" content=\"article\" \/>\n<meta property=\"og:title\" content=\"Our Polymed Products - Polymed Chirurgical Inc.\" \/>\n<meta property=\"og:description\" content=\"Dedicated to delivering innovative solutions to our customers changing needs, we have developed our own line of medical products. Our brands, Clini\u2013Touch, Clini-Tray, Clini-Gauze, PolyStretch, Polymed, CliniVac, and our specialties, Poly-Spec and Poly-Spec Plus, are recognized within the medical community. &nbsp;\" \/>\n<meta property=\"og:url\" content=\"https:\/\/polymed.ca\/en\/our-polymed-products\/\" \/>\n<meta property=\"og:site_name\" content=\"Polymed Chirurgical Inc.\" \/>\n<meta property=\"article:publisher\" content=\"https:\/\/www.facebook.com\/pages\/Polymed%20Chirurgical%20Inc\/202865776761037\/\" \/>\n<meta property=\"article:modified_time\" content=\"2016-08-18T12:55:44+00:00\" \/>\n<meta property=\"og:image\" content=\"https:\/\/images.polymed.ca\/2015\/03\/house_product.jpg\" \/>\n\t<meta property=\"og:image:width\" content=\"1168\" \/>\n\t<meta property=\"og:image:height\" content=\"436\" \/>\n\t<meta property=\"og:image:type\" content=\"image\/jpeg\" \/>\n<script type=\"application\/ld+json\" class=\"yoast-schema-graph\">{\"@context\":\"https:\\\/\\\/schema.org\",\"@graph\":[{\"@type\":\"WebPage\",\"@id\":\"https:\\\/\\\/polymed.ca\\\/en\\\/our-polymed-products\\\/\",\"url\":\"https:\\\/\\\/polymed.ca\\\/en\\\/our-polymed-products\\\/\",\"name\":\"Our Polymed Products - Polymed Chirurgical Inc.\",\"isPartOf\":{\"@id\":\"https:\\\/\\\/polymed.ca\\\/#website\"},\"primaryImageOfPage\":{\"@id\":\"https:\\\/\\\/polymed.ca\\\/en\\\/our-polymed-products\\\/#primaryimage\"},\"image\":{\"@id\":\"https:\\\/\\\/polymed.ca\\\/en\\\/our-polymed-products\\\/#primaryimage\"},\"thumbnailUrl\":\"https:\\\/\\\/images.polymed.ca\\\/2015\\\/03\\\/house_product.jpg\",\"datePublished\":\"2015-03-10T05:18:17+00:00\",\"dateModified\":\"2016-08-18T12:55:44+00:00\",\"breadcrumb\":{\"@id\":\"https:\\\/\\\/polymed.ca\\\/en\\\/our-polymed-products\\\/#breadcrumb\"},\"inLanguage\":\"en-US\",\"potentialAction\":[{\"@type\":\"ReadAction\",\"target\":[\"https:\\\/\\\/polymed.ca\\\/en\\\/our-polymed-products\\\/\"]}]},{\"@type\":\"ImageObject\",\"inLanguage\":\"en-US\",\"@id\":\"https:\\\/\\\/polymed.ca\\\/en\\\/our-polymed-products\\\/#primaryimage\",\"url\":\"https:\\\/\\\/images.polymed.ca\\\/2015\\\/03\\\/house_product.jpg\",\"contentUrl\":\"https:\\\/\\\/images.polymed.ca\\\/2015\\\/03\\\/house_product.jpg\",\"width\":1168,\"height\":436},{\"@type\":\"BreadcrumbList\",\"@id\":\"https:\\\/\\\/polymed.ca\\\/en\\\/our-polymed-products\\\/#breadcrumb\",\"itemListElement\":[{\"@type\":\"ListItem\",\"position\":1,\"name\":\"Accueil\",\"item\":\"https:\\\/\\\/polymed.ca\\\/en\\\/\"},{\"@type\":\"ListItem\",\"position\":2,\"name\":\"Our Polymed Products\"}]},{\"@type\":\"WebSite\",\"@id\":\"https:\\\/\\\/polymed.ca\\\/#website\",\"url\":\"https:\\\/\\\/polymed.ca\\\/\",\"name\":\"Polymed Chirurgical Inc.\",\"description\":\"Fournisseur d\u2019\u00e9quipement m\u00e9dical \u00e0 Montr\u00e9al, Qu\u00e9bec\",\"publisher\":{\"@id\":\"https:\\\/\\\/polymed.ca\\\/#organization\"},\"potentialAction\":[{\"@type\":\"SearchAction\",\"target\":{\"@type\":\"EntryPoint\",\"urlTemplate\":\"https:\\\/\\\/polymed.ca\\\/?s={search_term_string}\"},\"query-input\":{\"@type\":\"PropertyValueSpecification\",\"valueRequired\":true,\"valueName\":\"search_term_string\"}}],\"inLanguage\":\"en-US\"},{\"@type\":\"Organization\",\"@id\":\"https:\\\/\\\/polymed.ca\\\/#organization\",\"name\":\"Polymed Chirurgical Inc.\",\"url\":\"https:\\\/\\\/polymed.ca\\\/\",\"logo\":{\"@type\":\"ImageObject\",\"inLanguage\":\"en-US\",\"@id\":\"https:\\\/\\\/polymed.ca\\\/#\\\/schema\\\/logo\\\/image\\\/\",\"url\":\"https:\\\/\\\/images.polymed.ca\\\/2015\\\/04\\\/logo.png\",\"contentUrl\":\"https:\\\/\\\/images.polymed.ca\\\/2015\\\/04\\\/logo.png\",\"width\":334,\"height\":71,\"caption\":\"Polymed Chirurgical Inc.\"},\"image\":{\"@id\":\"https:\\\/\\\/polymed.ca\\\/#\\\/schema\\\/logo\\\/image\\\/\"},\"sameAs\":[\"https:\\\/\\\/www.facebook.com\\\/pages\\\/Polymed Chirurgical Inc\\\/202865776761037\\\/\",\"https:\\\/\\\/www.linkedin.com\\\/company\\\/polymed-chirurgical-inc\\\/\"]}]}<\/script>\n<!-- \/ Yoast SEO plugin. -->","yoast_head_json":{"title":"Our Polymed Products - Polymed Chirurgical Inc.","robots":{"index":"index","follow":"follow","max-snippet":"max-snippet:-1","max-image-preview":"max-image-preview:large","max-video-preview":"max-video-preview:-1"},"canonical":"https:\/\/polymed.ca\/en\/our-polymed-products\/","og_locale":"en_US","og_type":"article","og_title":"Our Polymed Products - Polymed Chirurgical Inc.","og_description":"Dedicated to delivering innovative solutions to our customers changing needs, we have developed our own line of medical products. Our brands, Clini\u2013Touch, Clini-Tray, Clini-Gauze, PolyStretch, Polymed, CliniVac, and our specialties, Poly-Spec and Poly-Spec Plus, are recognized within the medical community. &nbsp;","og_url":"https:\/\/polymed.ca\/en\/our-polymed-products\/","og_site_name":"Polymed Chirurgical Inc.","article_publisher":"https:\/\/www.facebook.com\/pages\/Polymed%20Chirurgical%20Inc\/202865776761037\/","article_modified_time":"2016-08-18T12:55:44+00:00","og_image":[{"width":1168,"height":436,"url":"https:\/\/images.polymed.ca\/2015\/03\/house_product.jpg","type":"image\/jpeg"}],"schema":{"@context":"https:\/\/schema.org","@graph":[{"@type":"WebPage","@id":"https:\/\/polymed.ca\/en\/our-polymed-products\/","url":"https:\/\/polymed.ca\/en\/our-polymed-products\/","name":"Our Polymed Products - Polymed Chirurgical Inc.","isPartOf":{"@id":"https:\/\/polymed.ca\/#website"},"primaryImageOfPage":{"@id":"https:\/\/polymed.ca\/en\/our-polymed-products\/#primaryimage"},"image":{"@id":"https:\/\/polymed.ca\/en\/our-polymed-products\/#primaryimage"},"thumbnailUrl":"https:\/\/images.polymed.ca\/2015\/03\/house_product.jpg","datePublished":"2015-03-10T05:18:17+00:00","dateModified":"2016-08-18T12:55:44+00:00","breadcrumb":{"@id":"https:\/\/polymed.ca\/en\/our-polymed-products\/#breadcrumb"},"inLanguage":"en-US","potentialAction":[{"@type":"ReadAction","target":["https:\/\/polymed.ca\/en\/our-polymed-products\/"]}]},{"@type":"ImageObject","inLanguage":"en-US","@id":"https:\/\/polymed.ca\/en\/our-polymed-products\/#primaryimage","url":"https:\/\/images.polymed.ca\/2015\/03\/house_product.jpg","contentUrl":"https:\/\/images.polymed.ca\/2015\/03\/house_product.jpg","width":1168,"height":436},{"@type":"BreadcrumbList","@id":"https:\/\/polymed.ca\/en\/our-polymed-products\/#breadcrumb","itemListElement":[{"@type":"ListItem","position":1,"name":"Accueil","item":"https:\/\/polymed.ca\/en\/"},{"@type":"ListItem","position":2,"name":"Our Polymed Products"}]},{"@type":"WebSite","@id":"https:\/\/polymed.ca\/#website","url":"https:\/\/polymed.ca\/","name":"Polymed Chirurgical Inc.","description":"Fournisseur d\u2019\u00e9quipement m\u00e9dical \u00e0 Montr\u00e9al, Qu\u00e9bec","publisher":{"@id":"https:\/\/polymed.ca\/#organization"},"potentialAction":[{"@type":"SearchAction","target":{"@type":"EntryPoint","urlTemplate":"https:\/\/polymed.ca\/?s={search_term_string}"},"query-input":{"@type":"PropertyValueSpecification","valueRequired":true,"valueName":"search_term_string"}}],"inLanguage":"en-US"},{"@type":"Organization","@id":"https:\/\/polymed.ca\/#organization","name":"Polymed Chirurgical Inc.","url":"https:\/\/polymed.ca\/","logo":{"@type":"ImageObject","inLanguage":"en-US","@id":"https:\/\/polymed.ca\/#\/schema\/logo\/image\/","url":"https:\/\/images.polymed.ca\/2015\/04\/logo.png","contentUrl":"https:\/\/images.polymed.ca\/2015\/04\/logo.png","width":334,"height":71,"caption":"Polymed Chirurgical Inc."},"image":{"@id":"https:\/\/polymed.ca\/#\/schema\/logo\/image\/"},"sameAs":["https:\/\/www.facebook.com\/pages\/Polymed Chirurgical Inc\/202865776761037\/","https:\/\/www.linkedin.com\/company\/polymed-chirurgical-inc\/"]}]}},"_links":{"self":[{"href":"https:\/\/polymed.ca\/en\/wp-json\/wp\/v2\/pages\/1028","targetHints":{"allow":["GET"]}}],"collection":[{"href":"https:\/\/polymed.ca\/en\/wp-json\/wp\/v2\/pages"}],"about":[{"href":"https:\/\/polymed.ca\/en\/wp-json\/wp\/v2\/types\/page"}],"author":[{"embeddable":true,"href":"https:\/\/polymed.ca\/en\/wp-json\/wp\/v2\/users\/73"}],"replies":[{"embeddable":true,"href":"https:\/\/polymed.ca\/en\/wp-json\/wp\/v2\/comments?post=1028"}],"version-history":[{"count":0,"href":"https:\/\/polymed.ca\/en\/wp-json\/wp\/v2\/pages\/1028\/revisions"}],"wp:featuredmedia":[{"embeddable":true,"href":"https:\/\/polymed.ca\/en\/wp-json\/wp\/v2\/media\/6285"}],"wp:attachment":[{"href":"https:\/\/polymed.ca\/en\/wp-json\/wp\/v2\/media?parent=1028"}],"curies":[{"name":"wp","href":"https:\/\/api.w.org\/{rel}","templated":true}]}}