{"id":14009,"date":"2015-03-28T01:22:34","date_gmt":"2015-03-28T01:22:34","guid":{"rendered":"http:\/\/polymed.metrosolutions.net\/?page_id=14009"},"modified":"2015-04-16T04:57:06","modified_gmt":"2015-04-16T08:57:06","slug":"gloves","status":"publish","type":"page","link":"https:\/\/polymed.ca\/en\/our-polymed-products\/gloves\/","title":{"rendered":"Gloves"},"content":{"rendered":"<p><div class=\"woocommerce_category_box\"><div class=\"woocommerce_category_listings_box\"><br \/>\n<a class=\"single_list category-65\" \"65\" id=\"65\" href=\"economic-gloves\">\n                <div class=\"category_name\">\n                    Economic Gloves\n                    <i class=\"icon-double-angle-right icon-large pull-right\">\u00bb<\/i>\n                <\/div><img decoding=\"async\" src=\"https:\/\/images.polymed.ca\/2015\/04\/economic-gloves.jpg\" alt=\"\" \/><\/a><a class=\"single_list category-64\" \"64\" id=\"64\" href=\"examination-gloves\">\n                <div class=\"category_name\">\n                    Examination Gloves\n                    <i class=\"icon-double-angle-right icon-large pull-right\">\u00bb<\/i>\n                <\/div><img decoding=\"async\" src=\"https:\/\/images.polymed.ca\/2015\/04\/examination-gloves.jpg\" alt=\"\" \/><\/a><a class=\"single_list category-66\" \"66\" id=\"66\" href=\"wall-brackets\">\n                <div class=\"category_name\">\n                    Wall Brackets\n                    <i class=\"icon-double-angle-right icon-large pull-right\">\u00bb<\/i>\n                <\/div><img decoding=\"async\" src=\"https:\/\/images.polymed.ca\/2015\/04\/wall-brackets.jpg\" alt=\"\" \/><\/a><br \/>\n<\/div><\/div><\/p>\n","protected":false},"excerpt":{"rendered":"","protected":false},"author":73,"featured_media":6285,"parent":1028,"menu_order":1,"comment_status":"closed","ping_status":"closed","template":"","meta":{"_acf_changed":false,"_genesis_hide_title":false,"_genesis_hide_breadcrumbs":false,"_genesis_hide_singular_image":false,"_genesis_hide_footer_widgets":false,"_genesis_custom_body_class":"","_genesis_custom_post_class":"","_genesis_layout":"","footnotes":""},"class_list":{"0":"post-14009","1":"page","2":"type-page","3":"status-publish","4":"has-post-thumbnail","6":"entry"},"acf":[],"yoast_head":"<!-- This site is optimized with the Yoast SEO plugin v27.4 - https:\/\/yoast.com\/product\/yoast-seo-wordpress\/ -->\n<title>Gloves - Polymed Chirurgical Inc.<\/title>\n<meta name=\"robots\" content=\"index, follow, max-snippet:-1, max-image-preview:large, max-video-preview:-1\" \/>\n<link rel=\"canonical\" href=\"https:\/\/polymed.ca\/en\/our-polymed-products\/gloves\/\" \/>\n<meta property=\"og:locale\" content=\"en_US\" \/>\n<meta property=\"og:type\" content=\"article\" \/>\n<meta property=\"og:title\" content=\"Gloves - Polymed Chirurgical Inc.\" \/>\n<meta property=\"og:url\" content=\"https:\/\/polymed.ca\/en\/our-polymed-products\/gloves\/\" \/>\n<meta property=\"og:site_name\" content=\"Polymed Chirurgical Inc.\" \/>\n<meta property=\"article:publisher\" content=\"https:\/\/www.facebook.com\/pages\/Polymed%20Chirurgical%20Inc\/202865776761037\/\" \/>\n<meta property=\"article:modified_time\" content=\"2015-04-16T08:57:06+00:00\" \/>\n<meta property=\"og:image\" content=\"https:\/\/images.polymed.ca\/2015\/03\/house_product.jpg\" \/>\n\t<meta property=\"og:image:width\" content=\"1168\" \/>\n\t<meta property=\"og:image:height\" content=\"436\" \/>\n\t<meta property=\"og:image:type\" content=\"image\/jpeg\" \/>\n<script type=\"application\/ld+json\" class=\"yoast-schema-graph\">{\"@context\":\"https:\\\/\\\/schema.org\",\"@graph\":[{\"@type\":\"WebPage\",\"@id\":\"https:\\\/\\\/polymed.ca\\\/en\\\/our-polymed-products\\\/gloves\\\/\",\"url\":\"https:\\\/\\\/polymed.ca\\\/en\\\/our-polymed-products\\\/gloves\\\/\",\"name\":\"Gloves - Polymed Chirurgical Inc.\",\"isPartOf\":{\"@id\":\"https:\\\/\\\/polymed.ca\\\/#website\"},\"primaryImageOfPage\":{\"@id\":\"https:\\\/\\\/polymed.ca\\\/en\\\/our-polymed-products\\\/gloves\\\/#primaryimage\"},\"image\":{\"@id\":\"https:\\\/\\\/polymed.ca\\\/en\\\/our-polymed-products\\\/gloves\\\/#primaryimage\"},\"thumbnailUrl\":\"https:\\\/\\\/images.polymed.ca\\\/2015\\\/03\\\/house_product.jpg\",\"datePublished\":\"2015-03-28T01:22:34+00:00\",\"dateModified\":\"2015-04-16T08:57:06+00:00\",\"breadcrumb\":{\"@id\":\"https:\\\/\\\/polymed.ca\\\/en\\\/our-polymed-products\\\/gloves\\\/#breadcrumb\"},\"inLanguage\":\"en-US\",\"potentialAction\":[{\"@type\":\"ReadAction\",\"target\":[\"https:\\\/\\\/polymed.ca\\\/en\\\/our-polymed-products\\\/gloves\\\/\"]}]},{\"@type\":\"ImageObject\",\"inLanguage\":\"en-US\",\"@id\":\"https:\\\/\\\/polymed.ca\\\/en\\\/our-polymed-products\\\/gloves\\\/#primaryimage\",\"url\":\"https:\\\/\\\/images.polymed.ca\\\/2015\\\/03\\\/house_product.jpg\",\"contentUrl\":\"https:\\\/\\\/images.polymed.ca\\\/2015\\\/03\\\/house_product.jpg\",\"width\":1168,\"height\":436},{\"@type\":\"BreadcrumbList\",\"@id\":\"https:\\\/\\\/polymed.ca\\\/en\\\/our-polymed-products\\\/gloves\\\/#breadcrumb\",\"itemListElement\":[{\"@type\":\"ListItem\",\"position\":1,\"name\":\"Accueil\",\"item\":\"https:\\\/\\\/polymed.ca\\\/en\\\/\"},{\"@type\":\"ListItem\",\"position\":2,\"name\":\"Our Polymed Products\",\"item\":\"https:\\\/\\\/polymed.ca\\\/en\\\/our-polymed-products\\\/\"},{\"@type\":\"ListItem\",\"position\":3,\"name\":\"Gloves\"}]},{\"@type\":\"WebSite\",\"@id\":\"https:\\\/\\\/polymed.ca\\\/#website\",\"url\":\"https:\\\/\\\/polymed.ca\\\/\",\"name\":\"Polymed Chirurgical Inc.\",\"description\":\"Fournisseur d\u2019\u00e9quipement m\u00e9dical \u00e0 Montr\u00e9al, Qu\u00e9bec\",\"publisher\":{\"@id\":\"https:\\\/\\\/polymed.ca\\\/#organization\"},\"potentialAction\":[{\"@type\":\"SearchAction\",\"target\":{\"@type\":\"EntryPoint\",\"urlTemplate\":\"https:\\\/\\\/polymed.ca\\\/?s={search_term_string}\"},\"query-input\":{\"@type\":\"PropertyValueSpecification\",\"valueRequired\":true,\"valueName\":\"search_term_string\"}}],\"inLanguage\":\"en-US\"},{\"@type\":\"Organization\",\"@id\":\"https:\\\/\\\/polymed.ca\\\/#organization\",\"name\":\"Polymed Chirurgical Inc.\",\"url\":\"https:\\\/\\\/polymed.ca\\\/\",\"logo\":{\"@type\":\"ImageObject\",\"inLanguage\":\"en-US\",\"@id\":\"https:\\\/\\\/polymed.ca\\\/#\\\/schema\\\/logo\\\/image\\\/\",\"url\":\"https:\\\/\\\/images.polymed.ca\\\/2015\\\/04\\\/logo.png\",\"contentUrl\":\"https:\\\/\\\/images.polymed.ca\\\/2015\\\/04\\\/logo.png\",\"width\":334,\"height\":71,\"caption\":\"Polymed Chirurgical Inc.\"},\"image\":{\"@id\":\"https:\\\/\\\/polymed.ca\\\/#\\\/schema\\\/logo\\\/image\\\/\"},\"sameAs\":[\"https:\\\/\\\/www.facebook.com\\\/pages\\\/Polymed Chirurgical Inc\\\/202865776761037\\\/\",\"https:\\\/\\\/www.linkedin.com\\\/company\\\/polymed-chirurgical-inc\\\/\"]}]}<\/script>\n<!-- \/ Yoast SEO plugin. -->","yoast_head_json":{"title":"Gloves - Polymed Chirurgical Inc.","robots":{"index":"index","follow":"follow","max-snippet":"max-snippet:-1","max-image-preview":"max-image-preview:large","max-video-preview":"max-video-preview:-1"},"canonical":"https:\/\/polymed.ca\/en\/our-polymed-products\/gloves\/","og_locale":"en_US","og_type":"article","og_title":"Gloves - Polymed Chirurgical Inc.","og_url":"https:\/\/polymed.ca\/en\/our-polymed-products\/gloves\/","og_site_name":"Polymed Chirurgical Inc.","article_publisher":"https:\/\/www.facebook.com\/pages\/Polymed%20Chirurgical%20Inc\/202865776761037\/","article_modified_time":"2015-04-16T08:57:06+00:00","og_image":[{"width":1168,"height":436,"url":"https:\/\/images.polymed.ca\/2015\/03\/house_product.jpg","type":"image\/jpeg"}],"schema":{"@context":"https:\/\/schema.org","@graph":[{"@type":"WebPage","@id":"https:\/\/polymed.ca\/en\/our-polymed-products\/gloves\/","url":"https:\/\/polymed.ca\/en\/our-polymed-products\/gloves\/","name":"Gloves - Polymed Chirurgical Inc.","isPartOf":{"@id":"https:\/\/polymed.ca\/#website"},"primaryImageOfPage":{"@id":"https:\/\/polymed.ca\/en\/our-polymed-products\/gloves\/#primaryimage"},"image":{"@id":"https:\/\/polymed.ca\/en\/our-polymed-products\/gloves\/#primaryimage"},"thumbnailUrl":"https:\/\/images.polymed.ca\/2015\/03\/house_product.jpg","datePublished":"2015-03-28T01:22:34+00:00","dateModified":"2015-04-16T08:57:06+00:00","breadcrumb":{"@id":"https:\/\/polymed.ca\/en\/our-polymed-products\/gloves\/#breadcrumb"},"inLanguage":"en-US","potentialAction":[{"@type":"ReadAction","target":["https:\/\/polymed.ca\/en\/our-polymed-products\/gloves\/"]}]},{"@type":"ImageObject","inLanguage":"en-US","@id":"https:\/\/polymed.ca\/en\/our-polymed-products\/gloves\/#primaryimage","url":"https:\/\/images.polymed.ca\/2015\/03\/house_product.jpg","contentUrl":"https:\/\/images.polymed.ca\/2015\/03\/house_product.jpg","width":1168,"height":436},{"@type":"BreadcrumbList","@id":"https:\/\/polymed.ca\/en\/our-polymed-products\/gloves\/#breadcrumb","itemListElement":[{"@type":"ListItem","position":1,"name":"Accueil","item":"https:\/\/polymed.ca\/en\/"},{"@type":"ListItem","position":2,"name":"Our Polymed Products","item":"https:\/\/polymed.ca\/en\/our-polymed-products\/"},{"@type":"ListItem","position":3,"name":"Gloves"}]},{"@type":"WebSite","@id":"https:\/\/polymed.ca\/#website","url":"https:\/\/polymed.ca\/","name":"Polymed Chirurgical Inc.","description":"Fournisseur d\u2019\u00e9quipement m\u00e9dical \u00e0 Montr\u00e9al, Qu\u00e9bec","publisher":{"@id":"https:\/\/polymed.ca\/#organization"},"potentialAction":[{"@type":"SearchAction","target":{"@type":"EntryPoint","urlTemplate":"https:\/\/polymed.ca\/?s={search_term_string}"},"query-input":{"@type":"PropertyValueSpecification","valueRequired":true,"valueName":"search_term_string"}}],"inLanguage":"en-US"},{"@type":"Organization","@id":"https:\/\/polymed.ca\/#organization","name":"Polymed Chirurgical Inc.","url":"https:\/\/polymed.ca\/","logo":{"@type":"ImageObject","inLanguage":"en-US","@id":"https:\/\/polymed.ca\/#\/schema\/logo\/image\/","url":"https:\/\/images.polymed.ca\/2015\/04\/logo.png","contentUrl":"https:\/\/images.polymed.ca\/2015\/04\/logo.png","width":334,"height":71,"caption":"Polymed Chirurgical Inc."},"image":{"@id":"https:\/\/polymed.ca\/#\/schema\/logo\/image\/"},"sameAs":["https:\/\/www.facebook.com\/pages\/Polymed Chirurgical Inc\/202865776761037\/","https:\/\/www.linkedin.com\/company\/polymed-chirurgical-inc\/"]}]}},"_links":{"self":[{"href":"https:\/\/polymed.ca\/en\/wp-json\/wp\/v2\/pages\/14009","targetHints":{"allow":["GET"]}}],"collection":[{"href":"https:\/\/polymed.ca\/en\/wp-json\/wp\/v2\/pages"}],"about":[{"href":"https:\/\/polymed.ca\/en\/wp-json\/wp\/v2\/types\/page"}],"author":[{"embeddable":true,"href":"https:\/\/polymed.ca\/en\/wp-json\/wp\/v2\/users\/73"}],"replies":[{"embeddable":true,"href":"https:\/\/polymed.ca\/en\/wp-json\/wp\/v2\/comments?post=14009"}],"version-history":[{"count":0,"href":"https:\/\/polymed.ca\/en\/wp-json\/wp\/v2\/pages\/14009\/revisions"}],"up":[{"embeddable":true,"href":"https:\/\/polymed.ca\/en\/wp-json\/wp\/v2\/pages\/1028"}],"wp:featuredmedia":[{"embeddable":true,"href":"https:\/\/polymed.ca\/en\/wp-json\/wp\/v2\/media\/6285"}],"wp:attachment":[{"href":"https:\/\/polymed.ca\/en\/wp-json\/wp\/v2\/media?parent=14009"}],"curies":[{"name":"wp","href":"https:\/\/api.w.org\/{rel}","templated":true}]}}