{"id":16130,"date":"2015-03-30T14:51:24","date_gmt":"2015-03-30T14:51:24","guid":{"rendered":"http:\/\/polymed.metrosolutions.net\/our-polymed-products\/wound-care\/dressings\/"},"modified":"2015-04-07T23:23:01","modified_gmt":"2015-04-07T23:23:01","slug":"dressings","status":"publish","type":"page","link":"https:\/\/polymed.ca\/en\/our-polymed-products\/wound-care\/dressings\/","title":{"rendered":"Dressings"},"content":{"rendered":"<p><div class=\"woocommerce_category_box\"><div class=\"woocommerce_category_listings_box\"><br \/>\n<a class=\"single_list category-238\" \"238\" id=\"238\" href=\"cloth-dressings\">\n                <div class=\"category_name\">\n                    Cloth Dressings\n                    <i class=\"icon-double-angle-right icon-large pull-right\">\u00bb<\/i>\n                <\/div><img decoding=\"async\" src=\"https:\/\/images.polymed.ca\/2015\/04\/cloth-dressings.jpg\" alt=\"\" \/><\/a><a class=\"single_list category-237\" \"237\" id=\"237\" href=\"plastic-dressings\">\n                <div class=\"category_name\">\n                    Plastic Dressings\n                    <i class=\"icon-double-angle-right icon-large pull-right\">\u00bb<\/i>\n                <\/div><img decoding=\"async\" src=\"https:\/\/images.polymed.ca\/2015\/04\/plastic-dressings.jpg\" alt=\"\" \/><\/a><a class=\"single_list category-239\" \"239\" id=\"239\" href=\"transparent-dressings\">\n                <div class=\"category_name\">\n                    Transparent Dressings\n                    <i class=\"icon-double-angle-right icon-large pull-right\">\u00bb<\/i>\n                <\/div><img decoding=\"async\" src=\"https:\/\/images.polymed.ca\/2015\/04\/transparent-dressings.jpg\" alt=\"\" \/><\/a><br \/>\n<\/div><\/div><\/p>\n","protected":false},"excerpt":{"rendered":"","protected":false},"author":73,"featured_media":0,"parent":14882,"menu_order":3,"comment_status":"closed","ping_status":"closed","template":"","meta":{"_acf_changed":false,"_genesis_hide_title":false,"_genesis_hide_breadcrumbs":false,"_genesis_hide_singular_image":false,"_genesis_hide_footer_widgets":false,"_genesis_custom_body_class":"","_genesis_custom_post_class":"","_genesis_layout":"","footnotes":""},"class_list":{"0":"post-16130","1":"page","2":"type-page","3":"status-publish","5":"entry"},"acf":[],"yoast_head":"<!-- This site is optimized with the Yoast SEO plugin v27.4 - https:\/\/yoast.com\/product\/yoast-seo-wordpress\/ -->\n<title>Dressings - Polymed Chirurgical Inc.<\/title>\n<meta name=\"robots\" content=\"index, follow, max-snippet:-1, max-image-preview:large, max-video-preview:-1\" \/>\n<link rel=\"canonical\" href=\"https:\/\/polymed.ca\/en\/our-polymed-products\/wound-care\/dressings\/\" \/>\n<meta property=\"og:locale\" content=\"en_US\" \/>\n<meta property=\"og:type\" content=\"article\" \/>\n<meta property=\"og:title\" content=\"Dressings - Polymed Chirurgical Inc.\" \/>\n<meta property=\"og:url\" content=\"https:\/\/polymed.ca\/en\/our-polymed-products\/wound-care\/dressings\/\" \/>\n<meta property=\"og:site_name\" content=\"Polymed Chirurgical Inc.\" \/>\n<meta property=\"article:publisher\" content=\"https:\/\/www.facebook.com\/pages\/Polymed%20Chirurgical%20Inc\/202865776761037\/\" \/>\n<meta property=\"article:modified_time\" content=\"2015-04-07T23:23:01+00:00\" \/>\n<script type=\"application\/ld+json\" class=\"yoast-schema-graph\">{\"@context\":\"https:\\\/\\\/schema.org\",\"@graph\":[{\"@type\":\"WebPage\",\"@id\":\"https:\\\/\\\/polymed.ca\\\/en\\\/our-polymed-products\\\/wound-care\\\/dressings\\\/\",\"url\":\"https:\\\/\\\/polymed.ca\\\/en\\\/our-polymed-products\\\/wound-care\\\/dressings\\\/\",\"name\":\"Dressings - Polymed Chirurgical Inc.\",\"isPartOf\":{\"@id\":\"https:\\\/\\\/polymed.ca\\\/#website\"},\"datePublished\":\"2015-03-30T14:51:24+00:00\",\"dateModified\":\"2015-04-07T23:23:01+00:00\",\"breadcrumb\":{\"@id\":\"https:\\\/\\\/polymed.ca\\\/en\\\/our-polymed-products\\\/wound-care\\\/dressings\\\/#breadcrumb\"},\"inLanguage\":\"en-US\",\"potentialAction\":[{\"@type\":\"ReadAction\",\"target\":[\"https:\\\/\\\/polymed.ca\\\/en\\\/our-polymed-products\\\/wound-care\\\/dressings\\\/\"]}]},{\"@type\":\"BreadcrumbList\",\"@id\":\"https:\\\/\\\/polymed.ca\\\/en\\\/our-polymed-products\\\/wound-care\\\/dressings\\\/#breadcrumb\",\"itemListElement\":[{\"@type\":\"ListItem\",\"position\":1,\"name\":\"Accueil\",\"item\":\"https:\\\/\\\/polymed.ca\\\/en\\\/\"},{\"@type\":\"ListItem\",\"position\":2,\"name\":\"Our Polymed Products\",\"item\":\"https:\\\/\\\/polymed.ca\\\/en\\\/our-polymed-products\\\/\"},{\"@type\":\"ListItem\",\"position\":3,\"name\":\"Wound Care\",\"item\":\"https:\\\/\\\/polymed.ca\\\/en\\\/our-polymed-products\\\/wound-care\\\/\"},{\"@type\":\"ListItem\",\"position\":4,\"name\":\"Dressings\"}]},{\"@type\":\"WebSite\",\"@id\":\"https:\\\/\\\/polymed.ca\\\/#website\",\"url\":\"https:\\\/\\\/polymed.ca\\\/\",\"name\":\"Polymed Chirurgical Inc.\",\"description\":\"Fournisseur d\u2019\u00e9quipement m\u00e9dical \u00e0 Montr\u00e9al, Qu\u00e9bec\",\"publisher\":{\"@id\":\"https:\\\/\\\/polymed.ca\\\/#organization\"},\"potentialAction\":[{\"@type\":\"SearchAction\",\"target\":{\"@type\":\"EntryPoint\",\"urlTemplate\":\"https:\\\/\\\/polymed.ca\\\/?s={search_term_string}\"},\"query-input\":{\"@type\":\"PropertyValueSpecification\",\"valueRequired\":true,\"valueName\":\"search_term_string\"}}],\"inLanguage\":\"en-US\"},{\"@type\":\"Organization\",\"@id\":\"https:\\\/\\\/polymed.ca\\\/#organization\",\"name\":\"Polymed Chirurgical Inc.\",\"url\":\"https:\\\/\\\/polymed.ca\\\/\",\"logo\":{\"@type\":\"ImageObject\",\"inLanguage\":\"en-US\",\"@id\":\"https:\\\/\\\/polymed.ca\\\/#\\\/schema\\\/logo\\\/image\\\/\",\"url\":\"https:\\\/\\\/images.polymed.ca\\\/2015\\\/04\\\/logo.png\",\"contentUrl\":\"https:\\\/\\\/images.polymed.ca\\\/2015\\\/04\\\/logo.png\",\"width\":334,\"height\":71,\"caption\":\"Polymed Chirurgical Inc.\"},\"image\":{\"@id\":\"https:\\\/\\\/polymed.ca\\\/#\\\/schema\\\/logo\\\/image\\\/\"},\"sameAs\":[\"https:\\\/\\\/www.facebook.com\\\/pages\\\/Polymed Chirurgical Inc\\\/202865776761037\\\/\",\"https:\\\/\\\/www.linkedin.com\\\/company\\\/polymed-chirurgical-inc\\\/\"]}]}<\/script>\n<!-- \/ Yoast SEO plugin. -->","yoast_head_json":{"title":"Dressings - Polymed Chirurgical Inc.","robots":{"index":"index","follow":"follow","max-snippet":"max-snippet:-1","max-image-preview":"max-image-preview:large","max-video-preview":"max-video-preview:-1"},"canonical":"https:\/\/polymed.ca\/en\/our-polymed-products\/wound-care\/dressings\/","og_locale":"en_US","og_type":"article","og_title":"Dressings - Polymed Chirurgical Inc.","og_url":"https:\/\/polymed.ca\/en\/our-polymed-products\/wound-care\/dressings\/","og_site_name":"Polymed Chirurgical Inc.","article_publisher":"https:\/\/www.facebook.com\/pages\/Polymed%20Chirurgical%20Inc\/202865776761037\/","article_modified_time":"2015-04-07T23:23:01+00:00","schema":{"@context":"https:\/\/schema.org","@graph":[{"@type":"WebPage","@id":"https:\/\/polymed.ca\/en\/our-polymed-products\/wound-care\/dressings\/","url":"https:\/\/polymed.ca\/en\/our-polymed-products\/wound-care\/dressings\/","name":"Dressings - Polymed Chirurgical Inc.","isPartOf":{"@id":"https:\/\/polymed.ca\/#website"},"datePublished":"2015-03-30T14:51:24+00:00","dateModified":"2015-04-07T23:23:01+00:00","breadcrumb":{"@id":"https:\/\/polymed.ca\/en\/our-polymed-products\/wound-care\/dressings\/#breadcrumb"},"inLanguage":"en-US","potentialAction":[{"@type":"ReadAction","target":["https:\/\/polymed.ca\/en\/our-polymed-products\/wound-care\/dressings\/"]}]},{"@type":"BreadcrumbList","@id":"https:\/\/polymed.ca\/en\/our-polymed-products\/wound-care\/dressings\/#breadcrumb","itemListElement":[{"@type":"ListItem","position":1,"name":"Accueil","item":"https:\/\/polymed.ca\/en\/"},{"@type":"ListItem","position":2,"name":"Our Polymed Products","item":"https:\/\/polymed.ca\/en\/our-polymed-products\/"},{"@type":"ListItem","position":3,"name":"Wound Care","item":"https:\/\/polymed.ca\/en\/our-polymed-products\/wound-care\/"},{"@type":"ListItem","position":4,"name":"Dressings"}]},{"@type":"WebSite","@id":"https:\/\/polymed.ca\/#website","url":"https:\/\/polymed.ca\/","name":"Polymed Chirurgical Inc.","description":"Fournisseur d\u2019\u00e9quipement m\u00e9dical \u00e0 Montr\u00e9al, Qu\u00e9bec","publisher":{"@id":"https:\/\/polymed.ca\/#organization"},"potentialAction":[{"@type":"SearchAction","target":{"@type":"EntryPoint","urlTemplate":"https:\/\/polymed.ca\/?s={search_term_string}"},"query-input":{"@type":"PropertyValueSpecification","valueRequired":true,"valueName":"search_term_string"}}],"inLanguage":"en-US"},{"@type":"Organization","@id":"https:\/\/polymed.ca\/#organization","name":"Polymed Chirurgical Inc.","url":"https:\/\/polymed.ca\/","logo":{"@type":"ImageObject","inLanguage":"en-US","@id":"https:\/\/polymed.ca\/#\/schema\/logo\/image\/","url":"https:\/\/images.polymed.ca\/2015\/04\/logo.png","contentUrl":"https:\/\/images.polymed.ca\/2015\/04\/logo.png","width":334,"height":71,"caption":"Polymed Chirurgical Inc."},"image":{"@id":"https:\/\/polymed.ca\/#\/schema\/logo\/image\/"},"sameAs":["https:\/\/www.facebook.com\/pages\/Polymed Chirurgical Inc\/202865776761037\/","https:\/\/www.linkedin.com\/company\/polymed-chirurgical-inc\/"]}]}},"_links":{"self":[{"href":"https:\/\/polymed.ca\/en\/wp-json\/wp\/v2\/pages\/16130","targetHints":{"allow":["GET"]}}],"collection":[{"href":"https:\/\/polymed.ca\/en\/wp-json\/wp\/v2\/pages"}],"about":[{"href":"https:\/\/polymed.ca\/en\/wp-json\/wp\/v2\/types\/page"}],"author":[{"embeddable":true,"href":"https:\/\/polymed.ca\/en\/wp-json\/wp\/v2\/users\/73"}],"replies":[{"embeddable":true,"href":"https:\/\/polymed.ca\/en\/wp-json\/wp\/v2\/comments?post=16130"}],"version-history":[{"count":0,"href":"https:\/\/polymed.ca\/en\/wp-json\/wp\/v2\/pages\/16130\/revisions"}],"up":[{"embeddable":true,"href":"https:\/\/polymed.ca\/en\/wp-json\/wp\/v2\/pages\/14882"}],"wp:attachment":[{"href":"https:\/\/polymed.ca\/en\/wp-json\/wp\/v2\/media?parent=16130"}],"curies":[{"name":"wp","href":"https:\/\/api.w.org\/{rel}","templated":true}]}}